{"id":3686,"date":"2023-03-02T13:45:09","date_gmt":"2023-03-02T13:45:09","guid":{"rendered":"https:\/\/www.romanpizza.net\/blog\/?page_id=2156"},"modified":"2024-03-26T12:23:41","modified_gmt":"2024-03-26T12:23:41","slug":"la-mejor-pizza-a-domicilio-o-para-llevar-en-granollers-cerca-del-barrio-instituts","status":"publish","type":"page","link":"https:\/\/www.romanpizza.net\/blog\/la-mejor-pizza-a-domicilio-o-para-llevar-en-granollers-cerca-del-barrio-instituts\/","title":{"rendered":"La mejor Pizza a Domicilio o para llevar en Granollers, cerca del barrio Instituts"},"content":{"rendered":"<section class=\"l-section wpb_row height_small with_img parallax_ver parallaxdir_reversed\"><div class=\"l-section-img\" role=\"img\" aria-label=\"Pizzas caseras a domicilio\" data-img-width=\"1920\" data-img-height=\"1080\" style=\"background-image: url(https:\/\/www.romanpizza.net\/blog\/wp-content\/uploads\/2023\/05\/homepage.jpg);background-repeat: no-repeat;\"><\/div><div class=\"l-section-overlay\" style=\"background:rgba(26,26,26,0.85)\"><\/div><div class=\"l-section-h i-cf\"><div class=\"g-cols vc_row via_flex valign_top type_default stacking_default\"><div class=\"vc_col-sm-12 wpb_column vc_column_container\"><div class=\"vc_column-inner\"><div class=\"wpb_wrapper\"><h4 class=\"w-text us_custom_bf010416 has_text_color\"><span class=\"w-text-h\"><span class=\"w-text-value\">Barcelona<\/span><\/span><\/h4><h1 class=\"w-post-elm post_title us_custom_eb818e8a has_text_color align_center entry-title color_link_inherit\">La mejor Pizza a Domicilio o para llevar en Granollers, cerca del barrio Instituts<\/h1><div class=\"g-cols wpb_row via_flex valign_top type_default stacking_default\"><div class=\"vc_col-sm-4 wpb_column vc_column_container\"><div class=\"vc_column-inner\"><div class=\"wpb_wrapper\"><\/div><\/div><\/div><div class=\"vc_col-sm-4 wpb_column vc_column_container\"><div class=\"vc_column-inner\"><div class=\"wpb_wrapper\"><div class=\"w-iconbox us_custom_ecf07f11 has_text_color iconpos_left style_default color_primary align_center\"><a href=\"tel:938254889\" class=\"w-iconbox-link\" aria-label=\"938 25 48 89\"><div class=\"w-iconbox-icon\" style=\"font-size:2rem;\"><i class=\"fas fa-phone\"><\/i><\/div><\/a><div class=\"w-iconbox-meta\"><h2 class=\"w-iconbox-title\" style=\"font-size:max( 2.5rem, 2.5vw );\"><a href=\"tel:938254889\" class=\"w-iconbox-link\" aria-label=\"938 25 48 89\">938 25 48 89<\/a><\/h2><div class=\"w-iconbox-text\"><p>Ll\u00e1manos y realiza tu pedido en Granollers<\/p>\n<\/div><\/div><\/div><\/div><\/div><\/div><div class=\"vc_col-sm-4 wpb_column vc_column_container\"><div class=\"vc_column-inner\"><div class=\"wpb_wrapper\"><\/div><\/div><\/div><\/div><div class=\"w-popup w-btn-wrapper align_center\"><button type=\"button\" aria-label=\"\u00bfNo est\u00e1s en Granollers? Click aqui para ver tu restaurante m\u00e1s cercano\" class=\"w-popup-trigger type_btn w-btn us-btn-style_6 icon_atleft\"><i class=\"fas fa-info\"><\/i><span class=\"w-btn-label\">\u00bfNo est\u00e1s en Granollers? Click aqui para ver tu restaurante m\u00e1s cercano<\/span><\/button><div class=\"w-popup-overlay\" style=\"background:rgba(0,0,0,0.85);\"><\/div><div class=\"w-popup-wrap layout_default\" role=\"dialog\" aria-modal=\"true\" aria-label=\"\u00bfNo est\u00e1s en Granollers? Click aqui para ver tu restaurante m\u00e1s cercano\" style=\"--title-color:var(--color-content-heading);--title-bg-color:var(--color-content-bg-alt);--content-color:var(--color-content-text);--content-bg-color:var(--color-content-bg);--popup-width:600px;--popup-padding:5%;\"><button aria-label=\"Cerrar\" class=\"w-popup-closer\" type=\"button\"><\/button><div class=\"w-popup-box animation_fadeIn closerpos_outside with_title\"><div class=\"w-popup-box-h\"><div class=\"w-popup-box-title\">Roman Pizza en<\/div><div class=\"w-popup-box-content\"><p style=\"text-align: center;\"><strong>Pizzer\u00eda Gava<\/strong> TLF: <span class=\"w8qArf\">\u00a0<\/span><span class=\"LrzXr zdqRlf kno-fv\"><a href=\"tel: 931 01 65 15\" data-dtype=\"d3ph\" data-local-attribute=\"d3ph\" data-ved=\"2ahUKEwi2iI-C_7z9AhV_V6QEHQDGCiAQkAgoAHoFCLABEAM\"><span aria-label=\"Llamar al n\u00famero de tel\u00e9fono 931 01 65 15\">931 01 65 15<\/span><\/a><\/span><\/p>\n<p style=\"text-align: center;\"><strong>Pizzer\u00eda Matar\u00f3 <\/strong>TLF: <a href=\"tel:938 37 62 06\" data-dtype=\"d3ph\" data-local-attribute=\"d3ph\" data-ved=\"2ahUKEwjUrtnN2br9AhUYg_0HHXXLCGsQkAgoAHoFCLgBEAM\"><span aria-label=\"Llamar al n\u00famero de tel\u00e9fono 938 37 62 06\">938 37 62 06<\/span><\/a><\/p>\n<p style=\"text-align: center;\"><strong>Pizzer\u00eda Sabadell <\/strong>TLF: <a href=\"tel:937 21 19 77\" data-dtype=\"d3ph\" data-local-attribute=\"d3ph\" data-ved=\"2ahUKEwjAxZjqw7r9AhX1kYkEHTM3BjIQkAgoAHoFCM8BEAM\"><span aria-label=\"Llamar al n\u00famero de tel\u00e9fono 937 21 19 77\">937 21 19 77<\/span><\/a><\/p>\n<p style=\"text-align: center;\"><strong>Pizzer\u00eda Sants<\/strong> TLF:<a href=\"tel:931 31 59 59\"> 931 31 59 59<\/a><\/p>\n<p style=\"text-align: center;\"><strong>Pizzer\u00eda San Cugat<\/strong> TLF: <a href=\"tel:936 33 75 69\">936 33 75 69<\/a><\/p>\n<p style=\"text-align: center;\"><strong>Pizzer\u00eda Badalona <\/strong>TLF: <a href=\"tel:933 84 84 62\" data-dtype=\"d3ph\" data-local-attribute=\"d3ph\" data-ved=\"2ahUKEwju5NrX4Lr9AhXC7rsIHQfJAgwQkAgoAHoFCJMBEAM\"><span aria-label=\"Llamar al n\u00famero de tel\u00e9fono 933 84 84 62\">933 84 84 62<\/span><\/a><\/p>\n<\/div><\/div><\/div><\/div><\/div><div class=\"w-separator size_small\"><\/div><h2 class=\"w-text us_custom_2509bbe8 has_text_color\"><span class=\"w-text-h\"><span class=\"w-text-value\">Especialistes en menjar per emportar. Demana Online<\/span><\/span><\/h2><div class=\"w-hwrapper valign_middle wrap align_center\" style=\"--hwrapper-gap:3rem\"><div class=\"w-btn-wrapper align_none\"><a class=\"w-btn us-btn-style_3 icon_atleft\" href=\"https:\/\/www.romanpizza.net\/comanda-online.html\"><i class=\"fal fa-bags-shopping\"><\/i><span class=\"w-btn-label\">Recoge tu Pizza<\/span><\/a><\/div><div class=\"w-separator size_small\"><\/div><div class=\"w-btn-wrapper align_none\"><a class=\"w-btn us-btn-style_4 icon_atleft\" href=\"https:\/\/www.romanpizza.net\/comanda-online.html\"><i class=\"fal fa-pizza\"><\/i><span class=\"w-btn-label\">Pizza a Domicilio<\/span><\/a><\/div><\/div><\/div><\/div><\/div><\/div><\/div><\/section><section class=\"l-section wpb_row height_medium\"><div class=\"l-section-h i-cf\"><div class=\"g-cols vc_row via_flex valign_top type_default stacking_default\"><div class=\"vc_col-sm-8 wpb_column vc_column_container\"><div class=\"vc_column-inner\"><div class=\"wpb_wrapper\"><div class=\"wpb_text_column\"><div class=\"wpb_wrapper\"><p>Les millors <b>pizzes<\/b><b> a <\/b><b>domicili<\/b> i pizzes per recollir de <strong>Granollers<\/strong>, a prop del barri Instituts Demana ja les nostres pizzes premium elaborades amb ingredients d&#8217;alta qualitat.<\/p>\n<\/div><\/div><div class=\"w-separator size_small\"><\/div><h2 class=\"w-text us_custom_c2a1b582 has_text_color\"><span class=\"w-text-h\"><span class=\"w-text-value\">\u00c9chale un vistazo a nuestra amplia carta de pizzas, con o sin gluten<\/span><\/span><\/h2><h3 class=\"w-text us_custom_8356bfde has_text_color\"><span class=\"w-text-h\"><span class=\"w-text-value\">ELABORACI\u00d3 100% ARTESANA<\/span><\/span><\/h3><div class=\"w-separator us_custom_1f257949 size_small with_line width_default thick_1 style_solid color_primary align_left\"><div class=\"w-separator-h\"><\/div><\/div><div class=\"g-cols wpb_row via_flex valign_top type_default stacking_default\"><div class=\"vc_col-sm-4 wpb_column vc_column_container\"><div class=\"vc_column-inner\"><div class=\"wpb_wrapper\"><div class=\"w-image align_center\"><div class=\"w-image-h\"><img decoding=\"async\" width=\"300\" height=\"300\" src=\"https:\/\/www.romanpizza.net\/blog\/wp-content\/uploads\/2023\/05\/chicago_pepperoni-300x300-1.jpg\" class=\"attachment-medium size-medium\" alt=\"La pizza de peperonni mas deliciosa\" loading=\"lazy\" srcset=\"https:\/\/www.romanpizza.net\/blog\/wp-content\/uploads\/2023\/05\/chicago_pepperoni-300x300-1.jpg 300w, https:\/\/www.romanpizza.net\/blog\/wp-content\/uploads\/2023\/05\/chicago_pepperoni-300x300-1-150x150.jpg 150w\" sizes=\"auto, (max-width: 300px) 100vw, 300px\" \/><\/div><\/div><\/div><\/div><\/div><div class=\"vc_col-sm-4 wpb_column vc_column_container\"><div class=\"vc_column-inner\"><div class=\"wpb_wrapper\"><div class=\"w-image align_center\"><div class=\"w-image-h\"><img decoding=\"async\" width=\"300\" height=\"300\" src=\"https:\/\/www.romanpizza.net\/blog\/wp-content\/uploads\/2023\/05\/dulcebacon-300x300-1.jpg\" class=\"attachment-medium size-medium\" alt=\"\" loading=\"lazy\" srcset=\"https:\/\/www.romanpizza.net\/blog\/wp-content\/uploads\/2023\/05\/dulcebacon-300x300-1.jpg 300w, https:\/\/www.romanpizza.net\/blog\/wp-content\/uploads\/2023\/05\/dulcebacon-300x300-1-150x150.jpg 150w\" sizes=\"auto, (max-width: 300px) 100vw, 300px\" \/><\/div><\/div><\/div><\/div><\/div><div class=\"vc_col-sm-4 wpb_column vc_column_container\"><div class=\"vc_column-inner\"><div class=\"wpb_wrapper\"><div class=\"w-image align_center\"><div class=\"w-image-h\"><img decoding=\"async\" width=\"300\" height=\"300\" src=\"https:\/\/www.romanpizza.net\/blog\/wp-content\/uploads\/2023\/05\/sobrasada-300x300-1.jpg\" class=\"attachment-medium size-medium\" alt=\"\" loading=\"lazy\" srcset=\"https:\/\/www.romanpizza.net\/blog\/wp-content\/uploads\/2023\/05\/sobrasada-300x300-1.jpg 300w, https:\/\/www.romanpizza.net\/blog\/wp-content\/uploads\/2023\/05\/sobrasada-300x300-1-150x150.jpg 150w\" sizes=\"auto, (max-width: 300px) 100vw, 300px\" \/><\/div><\/div><\/div><\/div><\/div><\/div><div class=\"w-separator size_medium\"><\/div><div class=\"w-btn-wrapper align_center\"><a class=\"w-btn us-btn-style_5 us_custom_492179a4 icon_atleft\" href=\"https:\/\/www.romanpizza.net\/la-carta.html\"><i class=\"fal fa-pizza-slice\"><\/i><span class=\"w-btn-label\">Ver todas las pizzas<\/span><\/a><\/div><\/div><\/div><\/div><div class=\"vc_col-sm-4 wpb_column vc_column_container\"><div class=\"vc_column-inner us_custom_eb849559\"><div class=\"wpb_wrapper\"><div class=\"wpb_widgetised_column wpb_content_element\"><div class=\"wpb_wrapper\"><div id=\"media_image-2\" class=\"widget widget_media_image\"><a href=\"https:\/\/www.romanpizza.net\/comanda-online.html\"><img loading=\"lazy\" decoding=\"async\" width=\"300\" height=\"600\" src=\"https:\/\/www.romanpizza.net\/blog\/wp-content\/uploads\/2023\/05\/peli-y-pizza-boceto.png\" class=\"image wp-image-334  attachment-full size-full\" alt=\"\" style=\"max-width: 100%; height: auto;\" srcset=\"https:\/\/www.romanpizza.net\/blog\/wp-content\/uploads\/2023\/05\/peli-y-pizza-boceto.png 300w, https:\/\/www.romanpizza.net\/blog\/wp-content\/uploads\/2023\/05\/peli-y-pizza-boceto-150x300.png 150w\" sizes=\"auto, (max-width: 300px) 100vw, 300px\" \/><\/a><\/div><\/div><\/div><\/div><\/div><\/div><\/div><\/div><\/section><section class=\"l-section wpb_row height_medium with_img parallax_ver parallaxdir_reversed\"><div class=\"l-section-img\" role=\"img\" aria-label=\"Imagen\" data-img-width=\"1920\" data-img-height=\"650\" style=\"background-image: url(https:\/\/www.romanpizza.net\/blog\/wp-content\/uploads\/2023\/05\/slide.jpg);background-repeat: repeat-y;\"><\/div><div class=\"l-section-h i-cf\"><div class=\"g-cols vc_row via_flex valign_top type_default stacking_default\"><div class=\"vc_col-sm-12 wpb_column vc_column_container\"><div class=\"vc_column-inner\"><div class=\"wpb_wrapper\"><h2 class=\"w-text us_custom_6abf8428 has_text_color\"><span class=\"w-text-h\"><span class=\"w-text-value\">Pizza cerca de m\u00ed: La mejor pizzer\u00eda cerca del barrio Instituts perfecta para pedir tu Pizza a Domicilio y\/o Pizza para Llevar<\/span><\/span><\/h2><div class=\"wpb_text_column us_custom_8b3d6790 has_text_color\"><div class=\"wpb_wrapper\"><p style=\"text-align: center;\">Tambi\u00e9n contamos con varios locales m\u00e1s para pizza a domicilio y\/o pizza para llevar, ubic\u00e1ndonos en distintas partes de Barcelona, logrando as\u00ed que encuentres r\u00e1pidamente \u201cpizza cerca de m\u00ed\u201d. Nos ubicamos en las siguientes zonas:<\/p>\n<\/div><\/div><div class=\"w-separator size_medium\"><\/div><div class=\"g-cols wpb_row via_flex valign_top type_default stacking_default\"><div class=\"vc_col-sm-4 wpb_column vc_column_container\"><div class=\"vc_column-inner\"><div class=\"wpb_wrapper\"><h3 class=\"w-text us_custom_2509bbe8 has_text_color icon_atleft\"><a href=\"tel:937 21 19 77\" class=\"w-text-h\"><i class=\"fal fa-map-pin\"><\/i><span class=\"w-text-value\">Pizzer\u00eda Sabadell<br \/>\nTlf: 937 21 19 77<\/span><\/a><\/h3><\/div><\/div><\/div><div class=\"vc_col-sm-4 wpb_column vc_column_container\"><div class=\"vc_column-inner\"><div class=\"wpb_wrapper\"><h3 class=\"w-text us_custom_2509bbe8 has_text_color icon_atleft\"><a href=\"tel: 931 01 65 15\" class=\"w-text-h\"><i class=\"fal fa-map-pin\"><\/i><span class=\"w-text-value\">Pizzer\u00eda Gava<br \/>\nTlf: 931 01 65 15<\/span><\/a><\/h3><\/div><\/div><\/div><div class=\"vc_col-sm-4 wpb_column vc_column_container\"><div class=\"vc_column-inner\"><div class=\"wpb_wrapper\"><h3 class=\"w-text us_custom_2509bbe8 has_text_color icon_atleft\"><a href=\"tel:938 37 62 06\" class=\"w-text-h\"><i class=\"fal fa-map-pin\"><\/i><span class=\"w-text-value\">Pizzer\u00eda Matar\u00f3<br \/>\nTlf: 938 37 62 06<\/span><\/a><\/h3><\/div><\/div><\/div><\/div><div class=\"w-separator size_large\"><\/div><div class=\"w-separator hide_on_default hide_on_laptops hide_on_tablets size_large\"><\/div><div class=\"g-cols wpb_row via_flex valign_top type_default stacking_default\"><div class=\"vc_col-sm-4 wpb_column vc_column_container\"><div class=\"vc_column-inner\"><div class=\"wpb_wrapper\"><h3 class=\"w-text us_custom_2509bbe8 has_text_color icon_atleft\"><a href=\"tel:931 31 59 59\" class=\"w-text-h\"><i class=\"fal fa-map-pin\"><\/i><span class=\"w-text-value\">Pizzer\u00eda Sants<br \/>\nTlf: 931 31 59 59<\/span><\/a><\/h3><\/div><\/div><\/div><div class=\"vc_col-sm-4 wpb_column vc_column_container\"><div class=\"vc_column-inner\"><div class=\"wpb_wrapper\"><h3 class=\"w-text us_custom_2509bbe8 has_text_color icon_atleft\"><a href=\"tel:936 33 75 69\" class=\"w-text-h\"><i class=\"fal fa-map-pin\"><\/i><span class=\"w-text-value\">Pizzer\u00eda San Cugat<br \/>\nTlf: 936 33 75 69<\/span><\/a><\/h3><\/div><\/div><\/div><div class=\"vc_col-sm-4 wpb_column vc_column_container\"><div class=\"vc_column-inner\"><div class=\"wpb_wrapper\"><h3 class=\"w-text us_custom_2509bbe8 has_text_color icon_atleft\"><a href=\"tel:933 84 84 62\" class=\"w-text-h\"><i class=\"fal fa-map-pin\"><\/i><span class=\"w-text-value\">Pizzer\u00eda Badalona<br \/>\nTlf: 933 84 84 62<\/span><\/a><\/h3><\/div><\/div><\/div><\/div><\/div><\/div><\/div><\/div><\/div><\/section><section class=\"l-section wpb_row height_auto width_full\"><div class=\"l-section-h i-cf\"><div class=\"g-cols vc_row via_flex valign_top type_default stacking_default\"><div class=\"vc_col-sm-12 wpb_column vc_column_container\"><div class=\"vc_column-inner\"><div class=\"wpb_wrapper\">[vc_raw_html]JTNDaWZyYW1lJTIwc3JjJTNEJTIyaHR0cHMlM0ElMkYlMkZ3d3cuZ29vZ2xlLmNvbSUyRm1hcHMlMkZlbWJlZCUzRnBiJTNEJTIxMW0xOCUyMTFtMTIlMjExbTMlMjExZDE5MTI5Ny4zNTg5Mjg1MDI5NCUyMTJkMi4xMzc4MDMyMzU0NzI4MDc0JTIxM2Q0MS40ODIxMzkzNzE5MzM1MyUyMTJtMyUyMTFmMCUyMTJmMCUyMTNmMCUyMTNtMiUyMTFpMTAyNCUyMTJpNzY4JTIxNGYxMy4xJTIxM20zJTIxMW0yJTIxMXMweDEyYTRjN2M4MTc0NWE0YjklMjUzQTB4ZjNkOTdkMTU3ZTg5M2QyYSUyMTJzSW5zdGl0dXRzJTIxNWUwJTIxM20yJTIxMXNlcyUyMTJzZXMlMjE0djE2Nzc3NjQ3NzQ3MDclMjE1bTIlMjExc2VzJTIxMnNlcyUyMiUyMHdpZHRoJTNEJTIyMTAwJTI1JTIyJTIwaGVpZ2h0JTNEJTIyMzUwJTIyJTIwc3R5bGUlM0QlMjJib3JkZXIlM0EwJTNCJTIyJTIwYWxsb3dmdWxsc2NyZWVuJTNEJTIyJTIyJTIwbG9hZGluZyUzRCUyMmxhenklMjIlMjByZWZlcnJlcnBvbGljeSUzRCUyMm5vLXJlZmVycmVyLXdoZW4tZG93bmdyYWRlJTIyJTNFJTNDJTJGaWZyYW1lJTNF[\/vc_raw_html]<\/div><\/div><\/div><\/div><\/div><\/section>\n","protected":false},"excerpt":{"rendered":"BarcelonaLa mejor Pizza a Domicilio o para llevar en Granollers, cerca del barrio Instituts938 25 48 89Ll\u00e1manos y realiza tu pedido en Granollers \u00bfNo est\u00e1s en Granollers? Click aqui para ver tu restaurante m\u00e1s cercanoRoman Pizza enPizzer\u00eda Gava TLF: \u00a0931 01 65 15 Pizzer\u00eda Matar\u00f3 TLF: 938 37 62 06 Pizzer\u00eda Sabadell TLF: 937 21...","protected":false},"author":1,"featured_media":0,"parent":0,"menu_order":0,"comment_status":"closed","ping_status":"closed","template":"","meta":{"_acf_changed":false,"footnotes":""},"folder":[17],"class_list":["post-3686","page","type-page","status-publish","hentry"],"acf":[],"yoast_head":"<!-- This site is optimized with the Yoast SEO plugin v26.7 - https:\/\/yoast.com\/wordpress\/plugins\/seo\/ -->\n<title>La mejor Pizza a Domicilio o para llevar en Granollers, cerca del barrio Instituts - Roman Pizza<\/title>\n<meta name=\"description\" content=\"Pizzas italianas a domicilio. Servicio r\u00e1pido y eficaz cerca del barrio Instituts en Granollers. Pizzas artesanas y reci\u00e9n hechas. \u00a1Llama ya y disfruta a lo grande!\" \/>\n<meta name=\"robots\" content=\"index, follow, max-snippet:-1, max-image-preview:large, max-video-preview:-1\" \/>\n<link rel=\"canonical\" href=\"https:\/\/www.romanpizza.net\/blog\/la-mejor-pizza-a-domicilio-o-para-llevar-en-granollers-cerca-del-barrio-instituts\/\" \/>\n<meta property=\"og:locale\" content=\"es_ES\" \/>\n<meta property=\"og:type\" content=\"article\" \/>\n<meta property=\"og:title\" content=\"La mejor Pizza a Domicilio o para llevar en Granollers, cerca del barrio Instituts - Roman Pizza\" \/>\n<meta property=\"og:description\" content=\"Pizzas italianas a domicilio. Servicio r\u00e1pido y eficaz cerca del barrio Instituts en Granollers. Pizzas artesanas y reci\u00e9n hechas. \u00a1Llama ya y disfruta a lo grande!\" \/>\n<meta property=\"og:url\" content=\"https:\/\/www.romanpizza.net\/blog\/la-mejor-pizza-a-domicilio-o-para-llevar-en-granollers-cerca-del-barrio-instituts\/\" \/>\n<meta property=\"og:site_name\" content=\"Roman Pizza\" \/>\n<meta property=\"article:modified_time\" content=\"2024-03-26T12:23:41+00:00\" \/>\n<meta name=\"twitter:card\" content=\"summary_large_image\" \/>\n<meta name=\"twitter:label1\" content=\"Tiempo de lectura\" \/>\n\t<meta name=\"twitter:data1\" content=\"2 minutos\" \/>\n<script type=\"application\/ld+json\" class=\"yoast-schema-graph\">{\"@context\":\"https:\/\/schema.org\",\"@graph\":[{\"@type\":\"WebPage\",\"@id\":\"https:\/\/www.romanpizza.net\/blog\/la-mejor-pizza-a-domicilio-o-para-llevar-en-granollers-cerca-del-barrio-instituts\/\",\"url\":\"https:\/\/www.romanpizza.net\/blog\/la-mejor-pizza-a-domicilio-o-para-llevar-en-granollers-cerca-del-barrio-instituts\/\",\"name\":\"La mejor Pizza a Domicilio o para llevar en Granollers, cerca del barrio Instituts - Roman Pizza\",\"isPartOf\":{\"@id\":\"https:\/\/www.romanpizza.net\/blog\/#website\"},\"datePublished\":\"2023-03-02T13:45:09+00:00\",\"dateModified\":\"2024-03-26T12:23:41+00:00\",\"description\":\"Pizzas italianas a domicilio. Servicio r\u00e1pido y eficaz cerca del barrio Instituts en Granollers. Pizzas artesanas y reci\u00e9n hechas. \u00a1Llama ya y disfruta a lo grande!\",\"breadcrumb\":{\"@id\":\"https:\/\/www.romanpizza.net\/blog\/la-mejor-pizza-a-domicilio-o-para-llevar-en-granollers-cerca-del-barrio-instituts\/#breadcrumb\"},\"inLanguage\":\"es\",\"potentialAction\":[{\"@type\":\"ReadAction\",\"target\":[\"https:\/\/www.romanpizza.net\/blog\/la-mejor-pizza-a-domicilio-o-para-llevar-en-granollers-cerca-del-barrio-instituts\/\"]}]},{\"@type\":\"BreadcrumbList\",\"@id\":\"https:\/\/www.romanpizza.net\/blog\/la-mejor-pizza-a-domicilio-o-para-llevar-en-granollers-cerca-del-barrio-instituts\/#breadcrumb\",\"itemListElement\":[{\"@type\":\"ListItem\",\"position\":1,\"name\":\"Portada\",\"item\":\"https:\/\/www.romanpizza.net\/blog\/\"},{\"@type\":\"ListItem\",\"position\":2,\"name\":\"La mejor Pizza a Domicilio o para llevar en Granollers, cerca del barrio Instituts\"}]},{\"@type\":\"WebSite\",\"@id\":\"https:\/\/www.romanpizza.net\/blog\/#website\",\"url\":\"https:\/\/www.romanpizza.net\/blog\/\",\"name\":\"Roman Pizza\",\"description\":\"My WordPress Blog\",\"potentialAction\":[{\"@type\":\"SearchAction\",\"target\":{\"@type\":\"EntryPoint\",\"urlTemplate\":\"https:\/\/www.romanpizza.net\/blog\/?s={search_term_string}\"},\"query-input\":{\"@type\":\"PropertyValueSpecification\",\"valueRequired\":true,\"valueName\":\"search_term_string\"}}],\"inLanguage\":\"es\"}]}<\/script>\n<!-- \/ Yoast SEO plugin. -->","yoast_head_json":{"title":"La mejor Pizza a Domicilio o para llevar en Granollers, cerca del barrio Instituts - Roman Pizza","description":"Pizzas italianas a domicilio. Servicio r\u00e1pido y eficaz cerca del barrio Instituts en Granollers. Pizzas artesanas y reci\u00e9n hechas. \u00a1Llama ya y disfruta a lo grande!","robots":{"index":"index","follow":"follow","max-snippet":"max-snippet:-1","max-image-preview":"max-image-preview:large","max-video-preview":"max-video-preview:-1"},"canonical":"https:\/\/www.romanpizza.net\/blog\/la-mejor-pizza-a-domicilio-o-para-llevar-en-granollers-cerca-del-barrio-instituts\/","og_locale":"es_ES","og_type":"article","og_title":"La mejor Pizza a Domicilio o para llevar en Granollers, cerca del barrio Instituts - Roman Pizza","og_description":"Pizzas italianas a domicilio. Servicio r\u00e1pido y eficaz cerca del barrio Instituts en Granollers. Pizzas artesanas y reci\u00e9n hechas. \u00a1Llama ya y disfruta a lo grande!","og_url":"https:\/\/www.romanpizza.net\/blog\/la-mejor-pizza-a-domicilio-o-para-llevar-en-granollers-cerca-del-barrio-instituts\/","og_site_name":"Roman Pizza","article_modified_time":"2024-03-26T12:23:41+00:00","twitter_card":"summary_large_image","twitter_misc":{"Tiempo de lectura":"2 minutos"},"schema":{"@context":"https:\/\/schema.org","@graph":[{"@type":"WebPage","@id":"https:\/\/www.romanpizza.net\/blog\/la-mejor-pizza-a-domicilio-o-para-llevar-en-granollers-cerca-del-barrio-instituts\/","url":"https:\/\/www.romanpizza.net\/blog\/la-mejor-pizza-a-domicilio-o-para-llevar-en-granollers-cerca-del-barrio-instituts\/","name":"La mejor Pizza a Domicilio o para llevar en Granollers, cerca del barrio Instituts - Roman Pizza","isPartOf":{"@id":"https:\/\/www.romanpizza.net\/blog\/#website"},"datePublished":"2023-03-02T13:45:09+00:00","dateModified":"2024-03-26T12:23:41+00:00","description":"Pizzas italianas a domicilio. Servicio r\u00e1pido y eficaz cerca del barrio Instituts en Granollers. Pizzas artesanas y reci\u00e9n hechas. \u00a1Llama ya y disfruta a lo grande!","breadcrumb":{"@id":"https:\/\/www.romanpizza.net\/blog\/la-mejor-pizza-a-domicilio-o-para-llevar-en-granollers-cerca-del-barrio-instituts\/#breadcrumb"},"inLanguage":"es","potentialAction":[{"@type":"ReadAction","target":["https:\/\/www.romanpizza.net\/blog\/la-mejor-pizza-a-domicilio-o-para-llevar-en-granollers-cerca-del-barrio-instituts\/"]}]},{"@type":"BreadcrumbList","@id":"https:\/\/www.romanpizza.net\/blog\/la-mejor-pizza-a-domicilio-o-para-llevar-en-granollers-cerca-del-barrio-instituts\/#breadcrumb","itemListElement":[{"@type":"ListItem","position":1,"name":"Portada","item":"https:\/\/www.romanpizza.net\/blog\/"},{"@type":"ListItem","position":2,"name":"La mejor Pizza a Domicilio o para llevar en Granollers, cerca del barrio Instituts"}]},{"@type":"WebSite","@id":"https:\/\/www.romanpizza.net\/blog\/#website","url":"https:\/\/www.romanpizza.net\/blog\/","name":"Roman Pizza","description":"My WordPress Blog","potentialAction":[{"@type":"SearchAction","target":{"@type":"EntryPoint","urlTemplate":"https:\/\/www.romanpizza.net\/blog\/?s={search_term_string}"},"query-input":{"@type":"PropertyValueSpecification","valueRequired":true,"valueName":"search_term_string"}}],"inLanguage":"es"}]}},"_links":{"self":[{"href":"https:\/\/www.romanpizza.net\/blog\/wp-json\/wp\/v2\/pages\/3686","targetHints":{"allow":["GET"]}}],"collection":[{"href":"https:\/\/www.romanpizza.net\/blog\/wp-json\/wp\/v2\/pages"}],"about":[{"href":"https:\/\/www.romanpizza.net\/blog\/wp-json\/wp\/v2\/types\/page"}],"author":[{"embeddable":true,"href":"https:\/\/www.romanpizza.net\/blog\/wp-json\/wp\/v2\/users\/1"}],"replies":[{"embeddable":true,"href":"https:\/\/www.romanpizza.net\/blog\/wp-json\/wp\/v2\/comments?post=3686"}],"version-history":[{"count":2,"href":"https:\/\/www.romanpizza.net\/blog\/wp-json\/wp\/v2\/pages\/3686\/revisions"}],"predecessor-version":[{"id":3874,"href":"https:\/\/www.romanpizza.net\/blog\/wp-json\/wp\/v2\/pages\/3686\/revisions\/3874"}],"wp:attachment":[{"href":"https:\/\/www.romanpizza.net\/blog\/wp-json\/wp\/v2\/media?parent=3686"}],"wp:term":[{"taxonomy":"folder","embeddable":true,"href":"https:\/\/www.romanpizza.net\/blog\/wp-json\/wp\/v2\/folder?post=3686"}],"curies":[{"name":"wp","href":"https:\/\/api.w.org\/{rel}","templated":true}]}}